{"id":619,"date":"2017-06-30T21:48:00","date_gmt":"2017-06-30T19:48:00","guid":{"rendered":"http:\/\/hotel-am-museum.de\/welcome\/"},"modified":"2017-07-04T18:50:16","modified_gmt":"2017-07-04T16:50:16","slug":"welcome","status":"publish","type":"page","link":"https:\/\/hotel-am-museum.de\/en\/","title":{"rendered":"Welcome"},"content":{"rendered":"<div id='full_slider_1'  class='avia-fullwidth-slider main_color avia-shadow   avia-builder-el-0  el_before_av_section  avia-builder-el-first   container_wrap sidebar_right' style=' '  ><div   data-size='featured_large'  data-lightbox_size='large'  data-animation='slide'  data-conditional_play=''  data-ids='675,671,676'  data-video_counter='0'  data-autoplay='true'  data-bg_slider='false'  data-slide_height=''  data-handle='av_slideshow_full'  data-interval='5'  data-class=' '  data-el_id=''  data-css_id=''  data-scroll_down=''  data-control_layout='av-control-default'  data-custom_markup=''  data-perma_caption=''  data-autoplay_stopper=''  data-image_attachment=''  data-min_height='0px'  data-lazy_loading='disabled'  data-src=''  data-position='top left'  data-repeat='no-repeat'  data-attach='scroll'  data-stretch=''  data-default-height='42'  class='avia-slideshow avia-slideshow-1  av-control-default av-default-height-applied avia-slideshow-featured_large av_slideshow_full   avia-slide-slider '  itemprop=\"image\" itemscope=\"itemscope\" itemtype=\"https:\/\/schema.org\/ImageObject\" ><ul class='avia-slideshow-inner ' style='padding-bottom: 42%;' ><li  class=' slide-1 ' ><div data-rel='slideshow-1' class='avia-slide-wrap '   ><div class = \"caption_fullwidth av-slideshow-caption caption_center caption_center_framed caption_framed\"><div class = \"container caption_container\"><div class = \"slideshow_caption\"><div class = \"slideshow_inner_caption\"><div class = \"slideshow_align_caption\"><h2  style='font-size:28px; ' class='avia-caption-title  '  itemprop=\"name\" >Welcome to Cologne<\/h2><div class='avia-caption-content  av_inherit_color'  itemprop=\"description\"   style='font-size:20px; '><p>Let yourself be overwhelmed by city life.<br \/>\nRelax with us.<\/p>\n<\/div><\/div><\/div><\/div><\/div><\/div><img class=\"wp-image-1083 avia-img-lazy-loading-not-1083\"  src=\"https:\/\/hotel-am-museum.de\/wp-content\/uploads\/2017\/07\/DSC01223-1500x630.jpg\" width=\"1500\" height=\"630\" title='Eingangsbereich' alt=''  itemprop=\"thumbnailUrl\"   \/><\/div><\/li><li  class=' slide-2 ' ><div data-rel='slideshow-1' class='avia-slide-wrap '   ><div class = \"caption_fullwidth av-slideshow-caption caption_center caption_center_framed caption_framed\"><div class = \"container caption_container\"><div class = \"slideshow_caption\"><div class = \"slideshow_inner_caption\"><div class = \"slideshow_align_caption\"><h2  style='font-size:28px; ' class='avia-caption-title  '  itemprop=\"name\" >Sit back.<\/h2><div class='avia-caption-content  av_inherit_color'  itemprop=\"description\"   style='font-size:20px; '><p>Enjoy the fantastic view of the cathedral.<\/p>\n<\/div><\/div><\/div><\/div><\/div><\/div><img class=\"wp-image-1079 avia-img-lazy-loading-not-1079\"  src=\"https:\/\/hotel-am-museum.de\/wp-content\/uploads\/2017\/07\/DSC_0282-1500x630.jpg\" width=\"1500\" height=\"630\" title='Juniorsuite' alt=''  itemprop=\"thumbnailUrl\"   \/><\/div><\/li><li  class=' slide-3 ' ><div data-rel='slideshow-1' class='avia-slide-wrap '   ><div class = \"caption_fullwidth av-slideshow-caption caption_center caption_center_framed caption_framed\"><div class = \"container caption_container\"><div class = \"slideshow_caption\"><div class = \"slideshow_inner_caption\"><div class = \"slideshow_align_caption\"><h2  style='font-size:28px; ' class='avia-caption-title  '  itemprop=\"name\" >Family and close<\/h2><div class='avia-caption-content  av_inherit_color'  itemprop=\"description\"   style='font-size:20px; '><p>Visit our hotel in the heart of Cologne.<\/p>\n<\/div><\/div><\/div><\/div><\/div><\/div><img class=\"wp-image-1084 avia-img-lazy-loading-not-1084\"  src=\"https:\/\/hotel-am-museum.de\/wp-content\/uploads\/2017\/07\/DSC01224-1500x630.jpg\" width=\"1500\" height=\"630\" title='Eingangsbereich' alt=''  itemprop=\"thumbnailUrl\"   \/><\/div><\/li><\/ul><div class='avia-slideshow-arrows avia-slideshow-controls' ><a href='#prev' class='prev-slide ' aria-hidden='true' data-av_icon='\ue87c' data-av_iconfont='entypo-fontello' aria-hidden='true' tabindex='-1'>Previous<\/a><a href='#next' class='next-slide ' aria-hidden='true' data-av_icon='\ue87d' data-av_iconfont='entypo-fontello' aria-hidden='true' tabindex='-1'>Next<\/a><\/div><div class='avia-slideshow-dots avia-slideshow-controls'><a href='#1' class='goto-slide active' >1<\/a><a href='#2' class='goto-slide ' >2<\/a><a href='#3' class='goto-slide ' >3<\/a><\/div><\/div><\/div>\n<div id='av_section_1'  class='avia-section main_color avia-section-small avia-shadow  avia-bg-style-scroll  avia-builder-el-1  el_after_av_slideshow_full  el_before_av_section   container_wrap sidebar_right' style='background-color: #f9f9f9;  '  ><div class='container' ><div class='template-page content  av-content-small alpha units'><div class='post-entry post-entry-type-page post-entry-619'><div class='entry-content-wrapper clearfix'>\n<section class=\"av_textblock_section \"  itemscope=\"itemscope\" itemtype=\"https:\/\/schema.org\/CreativeWork\" ><div class='avia_textblock  '   itemprop=\"text\" >\n<\/div><\/section>\n\n<\/div><\/div><\/div><!-- close content main div --><\/div><\/div><div id='av_section_2'  class='avia-section main_color avia-section-large avia-no-border-styling  avia-bg-style-scroll  avia-builder-el-3  el_after_av_section  avia-builder-el-last   container_wrap sidebar_right' style='background-repeat: no-repeat; background-image: url(https:\/\/hotel-am-museum.de\/wp-content\/uploads\/2014\/07\/fruit_bg-1.jpg);background-attachment: scroll; background-position: bottom right;  '  data-section-bg-repeat='no-repeat'><div class='container' ><div class='template-page content  av-content-small alpha units'><div class='post-entry post-entry-type-page post-entry-619'><div class='entry-content-wrapper clearfix'>\n<div class=\"flex_column av_two_third  flex_column_div first  avia-builder-el-4  el_before_av_one_third  avia-builder-el-first  \" ><div   data-size='magazine'  data-lightbox_size='large'  data-animation='fade'  data-conditional_play=''  data-ids='681,680,678'  data-video_counter='0'  data-autoplay='true'  data-bg_slider='false'  data-slide_height=''  data-handle='av_slideshow'  data-interval='5'  data-class=' avia-builder-el-5  avia-builder-el-no-sibling  '  data-el_id=''  data-css_id=''  data-scroll_down=''  data-control_layout=''  data-custom_markup=''  data-perma_caption=''  data-autoplay_stopper=''  data-image_attachment=''  data-min_height='0px'  data-lazy_loading='disabled'  data-default-height='52.816901408451'  class='avia-slideshow avia-slideshow-2  av-default-height-applied avia-slideshow-magazine av_slideshow  avia-builder-el-5  avia-builder-el-no-sibling   avia-fade-slider '  itemprop=\"image\" itemscope=\"itemscope\" itemtype=\"https:\/\/schema.org\/ImageObject\" ><ul class='avia-slideshow-inner ' style='padding-bottom: 52.816901408451%;' ><li  class=' slide-1 ' ><div data-rel='slideshow-2' class='avia-slide-wrap '   ><img class=\"wp-image-1089 avia-img-lazy-loading-not-1089\"  src=\"https:\/\/hotel-am-museum.de\/wp-content\/uploads\/2017\/07\/DSC01231-710x375.jpg\" width=\"710\" height=\"375\" title='Rezeption' alt=''  itemprop=\"thumbnailUrl\"   \/><\/div><\/li><li  class=' slide-2 ' ><div data-rel='slideshow-2' class='avia-slide-wrap '   ><img class=\"wp-image-1088 avia-img-lazy-loading-not-1088\"  src=\"https:\/\/hotel-am-museum.de\/wp-content\/uploads\/2017\/07\/DSC01228-710x375.jpg\" width=\"710\" height=\"375\" title='Rezeption' alt=''  itemprop=\"thumbnailUrl\"   \/><\/div><\/li><li  class=' slide-3 ' ><div data-rel='slideshow-2' class='avia-slide-wrap '   ><img class=\"wp-image-1086 avia-img-lazy-loading-not-1086\"  src=\"https:\/\/hotel-am-museum.de\/wp-content\/uploads\/2017\/07\/DSC01226-710x375.jpg\" width=\"710\" height=\"375\" title='Rezeption' alt=''  itemprop=\"thumbnailUrl\"   \/><\/div><\/li><\/ul><div class='avia-slideshow-arrows avia-slideshow-controls' ><a href='#prev' class='prev-slide ' aria-hidden='true' data-av_icon='\ue87c' data-av_iconfont='entypo-fontello' aria-hidden='true' tabindex='-1'>Previous<\/a><a href='#next' class='next-slide ' aria-hidden='true' data-av_icon='\ue87d' data-av_iconfont='entypo-fontello' aria-hidden='true' tabindex='-1'>Next<\/a><\/div><div class='avia-slideshow-dots avia-slideshow-controls'><a href='#1' class='goto-slide active' >1<\/a><a href='#2' class='goto-slide ' >2<\/a><a href='#3' class='goto-slide ' >3<\/a><\/div><\/div><\/div><div class=\"flex_column av_one_third  flex_column_div av-zero-column-padding   avia-builder-el-6  el_after_av_two_third  el_before_av_one_third  \" style='border-radius:0px; '><p><div  style='padding-bottom:0px; ' class='av-special-heading av-special-heading-h2  blockquote modern-quote  avia-builder-el-7  el_before_av_textblock  avia-builder-el-first  av-thin-font '><h2 class='av-special-heading-tag '  itemprop=\"headline\"  >Family atmosphere in the heart of <strong>Cologne<\/strong><\/h2><div class ='av-subheading av-subheading_below  ' style='font-size:15px;'><p>We are looking forward to your visit!<\/p>\n<\/div><div class='special-heading-border'><div class='special-heading-inner-border' ><\/div><\/div><\/div><br \/>\n<section class=\"av_textblock_section \"  itemscope=\"itemscope\" itemtype=\"https:\/\/schema.org\/CreativeWork\" ><div class='avia_textblock  '   itemprop=\"text\" ><p>Located in the heart of the pulsating old town and in the shadow of the cathedral,<br \/>\nThe three-star superior hotel is located at the museum.<\/p>\n<p>In the immediate vicinity of the Rhine, the trade fair, the business district, the shopping streets, a variety of museums and churches as well as other sights of the art metropolis Cologne, you can relax in our small hotel, which has been family business for more than 30 years Explore the city.<\/p>\n<p>Look forward to comfortable hospitality in our house with individually designed rooms.<\/p>\n<\/div><\/section><\/p><\/div><div class=\"flex_column av_one_third  flex_column_div first  avia-builder-el-9  el_after_av_one_third  el_before_av_one_third  column-top-margin\" ><p><div  class='avia-image-container avia_animated_image avia_animate_when_almost_visible pop-up av-styling-  noHover  av-overlay-on-hover   avia-builder-el-10  el_before_av_icon_box  avia-builder-el-first  avia-align-center '  itemprop=\"image\" itemscope=\"itemscope\" itemtype=\"https:\/\/schema.org\/ImageObject\"  ><div class='avia-image-container-inner'><div class='avia-image-overlay-wrap'><a href=\"http:\/\/hotel-am-museum.de\/en\/breakfast\/\" class='avia_image' ><div class='av-image-caption-overlay'><div class='av-caption-image-overlay-bg' style='opacity:0.4; background-color:#000000; '><\/div><div class='av-image-caption-overlay-position'><div class='av-image-caption-overlay-center' style='color:#ffffff; font-size:18px; '><p>Learn more&#8230;<\/p>\n<\/div><\/div><\/div><img width=\"300\" height=\"160\" class='wp-image-1037 avia-img-lazy-loading-not-1037 avia_image' src=\"https:\/\/hotel-am-museum.de\/wp-content\/uploads\/2017\/05\/HOTEL-am-MUSEUM-K\u00f6ln-Fr\u00fchst\u00fcck3-1-300x160.jpg\" alt='' title='HOTEL-am-MUSEUM-K\u00f6ln-Fr\u00fchst\u00fcck3'  itemprop=\"thumbnailUrl\" srcset=\"https:\/\/hotel-am-museum.de\/wp-content\/uploads\/2017\/05\/HOTEL-am-MUSEUM-K\u00f6ln-Fr\u00fchst\u00fcck3-1-300x160.jpg 300w, https:\/\/hotel-am-museum.de\/wp-content\/uploads\/2017\/05\/HOTEL-am-MUSEUM-K\u00f6ln-Fr\u00fchst\u00fcck3-1-450x240.jpg 450w, https:\/\/hotel-am-museum.de\/wp-content\/uploads\/2017\/05\/HOTEL-am-MUSEUM-K\u00f6ln-Fr\u00fchst\u00fcck3-1.jpg 700w\" sizes=\"(max-width: 300px) 100vw, 300px\" \/><\/a><\/div><\/div><\/div><br \/>\n<article  class=\"iconbox iconbox_left    avia-builder-el-11  el_after_av_image  avia-builder-el-last  \"  itemscope=\"itemscope\" itemtype=\"https:\/\/schema.org\/CreativeWork\" ><div class=\"iconbox_content\"><header class=\"entry-content-header\"><div class=\"iconbox_icon heading-color\" aria-hidden='true' data-av_icon='\ue808' data-av_iconfont='entypo-fontello'  ><\/div><h3 class='iconbox_content_title  '  itemprop=\"headline\"  >Breakfast with the best ingredients<\/h3><\/header><div class='iconbox_content_container  '  itemprop=\"text\"  ><p>Much better a breakfast can not taste.<\/p>\n<\/div><\/div><footer class=\"entry-footer\"><\/footer><\/article><\/p><\/div><div class=\"flex_column av_one_third  flex_column_div av-zero-column-padding   avia-builder-el-12  el_after_av_one_third  el_before_av_one_third  column-top-margin\" style='border-radius:0px; '><p><div  class='avia-image-container avia_animated_image avia_animate_when_almost_visible pop-up av-styling-  noHover  av-overlay-on-hover   avia-builder-el-13  el_before_av_icon_box  avia-builder-el-first  avia-align-center '  itemprop=\"image\" itemscope=\"itemscope\" itemtype=\"https:\/\/schema.org\/ImageObject\"  ><div class='avia-image-container-inner'><div class='avia-image-overlay-wrap'><a href=\"\/?page_id=20\" class='avia_image' ><div class='av-image-caption-overlay'><div class='av-caption-image-overlay-bg' style='opacity:0.4; background-color:#000000; '><\/div><div class='av-image-caption-overlay-position'><div class='av-image-caption-overlay-center' style='color:#ffffff; font-size:20px; '><p>The hotel&#8217;s location &#8230;<\/p>\n<\/div><\/div><\/div><img width=\"200\" height=\"300\" class='wp-image-1125 avia-img-lazy-loading-not-1125 avia_image' src=\"https:\/\/hotel-am-museum.de\/wp-content\/uploads\/2017\/07\/IMG_0550-200x300.jpg\" alt='' title='Brauhaus Sion'  itemprop=\"thumbnailUrl\" srcset=\"https:\/\/hotel-am-museum.de\/wp-content\/uploads\/2017\/07\/IMG_0550-200x300.jpg 200w, https:\/\/hotel-am-museum.de\/wp-content\/uploads\/2017\/07\/IMG_0550-768x1152.jpg 768w, https:\/\/hotel-am-museum.de\/wp-content\/uploads\/2017\/07\/IMG_0550-687x1030.jpg 687w, https:\/\/hotel-am-museum.de\/wp-content\/uploads\/2017\/07\/IMG_0550-1000x1500.jpg 1000w, https:\/\/hotel-am-museum.de\/wp-content\/uploads\/2017\/07\/IMG_0550-470x705.jpg 470w, https:\/\/hotel-am-museum.de\/wp-content\/uploads\/2017\/07\/IMG_0550-450x675.jpg 450w\" sizes=\"(max-width: 200px) 100vw, 200px\" \/><\/a><\/div><\/div><\/div><br \/>\n<article  class=\"iconbox iconbox_left    avia-builder-el-14  el_after_av_image  avia-builder-el-last  \"  itemscope=\"itemscope\" itemtype=\"https:\/\/schema.org\/CreativeWork\" ><div class=\"iconbox_content\"><header class=\"entry-content-header\"><div class=\"iconbox_icon heading-color\" aria-hidden='true' data-av_icon='\ue808' data-av_iconfont='entypo-fontello'  ><\/div><h3 class='iconbox_content_title  '  itemprop=\"headline\"  >Central location<\/h3><\/header><div class='iconbox_content_container  '  itemprop=\"text\"  ><p>Between Altstadt and Dom \/ Hbf. Everything is accessible to you.<\/p>\n<\/div><\/div><footer class=\"entry-footer\"><\/footer><\/article><\/p><\/div><div class=\"flex_column av_one_third  flex_column_div av-zero-column-padding   avia-builder-el-15  el_after_av_one_third  avia-builder-el-last  column-top-margin\" style='border-radius:0px; '><\/div><\/div><\/div><\/div><!-- close content main div --><\/div><\/div><div id='after_section_2'  class='main_color av_default_container_wrap container_wrap sidebar_right' style=' '  ><div class='container' ><div class='template-page content  av-content-small alpha units'><div class='post-entry post-entry-type-page post-entry-619'><div class='entry-content-wrapper clearfix'>\n","protected":false},"excerpt":{"rendered":"","protected":false},"author":1,"featured_media":0,"parent":0,"menu_order":0,"comment_status":"open","ping_status":"open","template":"","meta":[],"_links":{"self":[{"href":"https:\/\/hotel-am-museum.de\/en\/wp-json\/wp\/v2\/pages\/619"}],"collection":[{"href":"https:\/\/hotel-am-museum.de\/en\/wp-json\/wp\/v2\/pages"}],"about":[{"href":"https:\/\/hotel-am-museum.de\/en\/wp-json\/wp\/v2\/types\/page"}],"author":[{"embeddable":true,"href":"https:\/\/hotel-am-museum.de\/en\/wp-json\/wp\/v2\/users\/1"}],"replies":[{"embeddable":true,"href":"https:\/\/hotel-am-museum.de\/en\/wp-json\/wp\/v2\/comments?post=619"}],"version-history":[{"count":53,"href":"https:\/\/hotel-am-museum.de\/en\/wp-json\/wp\/v2\/pages\/619\/revisions"}],"predecessor-version":[{"id":834,"href":"https:\/\/hotel-am-museum.de\/en\/wp-json\/wp\/v2\/pages\/619\/revisions\/834"}],"wp:attachment":[{"href":"https:\/\/hotel-am-museum.de\/en\/wp-json\/wp\/v2\/media?parent=619"}],"curies":[{"name":"wp","href":"https:\/\/api.w.org\/{rel}","templated":true}]}}